{"id":2,"date":"2020-08-10T15:39:38","date_gmt":"2020-08-10T15:39:38","guid":{"rendered":"http:\/\/35.236.241.200\/?page_id=2"},"modified":"2020-08-10T23:17:57","modified_gmt":"2020-08-10T23:17:57","slug":"sample-page","status":"publish","type":"page","link":"https:\/\/tramont.co\/index.php\/sample-page\/","title":{"rendered":"\u00bfPor qu\u00e9 Tramont ?"},"content":{"rendered":"\t\t<div data-elementor-type=\"wp-page\" data-elementor-id=\"2\" class=\"elementor elementor-2\" data-elementor-settings=\"[]\">\n\t\t\t\t\t\t<div class=\"elementor-inner\">\n\t\t\t\t\t\t\t<div class=\"elementor-section-wrap\">\n\t\t\t\t\t\t\t<section class=\"elementor-section elementor-top-section elementor-element elementor-element-14221e74 elementor-section-boxed elementor-section-height-default elementor-section-height-default\" data-id=\"14221e74\" data-element_type=\"section\">\n\t\t\t\t\t\t<div class=\"elementor-container elementor-column-gap-default\">\n\t\t\t\t\t\t\t<div class=\"elementor-row\">\n\t\t\t\t\t<div class=\"elementor-column elementor-col-100 elementor-top-column elementor-element elementor-element-a6f6c33\" data-id=\"a6f6c33\" data-element_type=\"column\">\n\t\t\t<div class=\"elementor-column-wrap elementor-element-populated\">\n\t\t\t\t\t\t\t<div class=\"elementor-widget-wrap\">\n\t\t\t\t\t\t<div class=\"elementor-element elementor-element-73456d0 elementor-widget elementor-widget-text-editor\" data-id=\"73456d0\" data-element_type=\"widget\" data-widget_type=\"text-editor.default\">\n\t\t\t\t<div class=\"elementor-widget-container\">\n\t\t\t\t\t\t\t\t<div class=\"elementor-text-editor elementor-clearfix\">\n\t\t\t\t<p>Tramont Soluciones log\u00edsticas es una empresa de transportes y montajes en la ciudad de Medell\u00edn, nos caracterizamos por tener personal con experiencia\u00a0 gracias a una amplia trayectoria en el sector de la construcci\u00f3n , en eventos, y en colocaci\u00f3n de elementos prefabricados e instalaci\u00f3n de equipos de gran tama\u00f1o como gr\u00faas y elevadores de construcci\u00f3n. Nuestros camiones gr\u00faa pueden levantar carga hasta de 5 toneladas al lado del cami\u00f3n y 1.2 a 14 metros de distancia.<\/p>\n<p><!-- \/wp:paragraph --><!-- wp:paragraph --><\/p>\n<p>Para los montajes e instalaciones contamos con el apoyo log\u00edstico y operativo de\u00a0<a href=\"http:\/\/www.cimbrados.com\/\">CIMBRADOS S.A<\/a>\u00a0una empresa especializada en, alquiler de equipo, venta de prefabricados y comercializaci\u00f3n de insumos para la construcci\u00f3n. con\u00a0 mas de 3 d\u00e9cadas en el mercado.<\/p>\n<p><!-- \/wp:paragraph --><!-- wp:paragraph --><\/p>\n<p>Contamos con un personal altamente calificado y certificado para la operaci\u00f3n tanto de los camiones como las gr\u00faas y nos preocupamos por mantenernos siempre en cumplimiento de las normativas vigentes de salud ocupacional y seguridad en el trabajo<\/p>\t\t\t\t\t<\/div>\n\t\t\t\t\t\t<\/div>\n\t\t\t\t<\/div>\n\t\t\t\t\t\t<\/div>\n\t\t\t\t\t<\/div>\n\t\t<\/div>\n\t\t\t\t\t\t\t\t<\/div>\n\t\t\t\t\t<\/div>\n\t\t<\/section>\n\t\t\t\t\t\t<\/div>\n\t\t\t\t\t\t<\/div>\n\t\t\t\t\t<\/div>\n\t\t","protected":false},"excerpt":{"rendered":"<p>Tramont Soluciones log\u00edsticas es una empresa de transportes y montajes en la ciudad de Medell\u00edn, nos caracterizamos por tener personal con experiencia\u00a0 gracias a una amplia trayectoria en el sector de la construcci\u00f3n , en eventos, y en colocaci\u00f3n de elementos prefabricados e instalaci\u00f3n de equipos de gran tama\u00f1o como gr\u00faas y elevadores de construcci\u00f3n. [&hellip;]<\/p>\n","protected":false},"author":1,"featured_media":0,"parent":0,"menu_order":0,"comment_status":"closed","ping_status":"open","template":"elementor_header_footer","meta":[],"yoast_head":"<!-- This site is optimized with the Yoast SEO plugin v20.7 - https:\/\/yoast.com\/wordpress\/plugins\/seo\/ -->\n<title>\u00bfPor qu\u00e9 Tramont ? - Tramont soluciones logisticas<\/title>\n<meta name=\"robots\" content=\"index, follow, max-snippet:-1, max-image-preview:large, max-video-preview:-1\" \/>\n<link rel=\"canonical\" href=\"https:\/\/tramont.co\/index.php\/sample-page\/\" \/>\n<meta property=\"og:locale\" content=\"es_ES\" \/>\n<meta property=\"og:type\" content=\"article\" \/>\n<meta property=\"og:title\" content=\"\u00bfPor qu\u00e9 Tramont ? - Tramont soluciones logisticas\" \/>\n<meta property=\"og:description\" content=\"Tramont Soluciones log\u00edsticas es una empresa de transportes y montajes en la ciudad de Medell\u00edn, nos caracterizamos por tener personal con experiencia\u00a0 gracias a una amplia trayectoria en el sector de la construcci\u00f3n , en eventos, y en colocaci\u00f3n de elementos prefabricados e instalaci\u00f3n de equipos de gran tama\u00f1o como gr\u00faas y elevadores de construcci\u00f3n. [&hellip;]\" \/>\n<meta property=\"og:url\" content=\"https:\/\/tramont.co\/index.php\/sample-page\/\" \/>\n<meta property=\"og:site_name\" content=\"Tramont soluciones logisticas\" \/>\n<meta property=\"article:publisher\" content=\"https:\/\/www.facebook.com\/transportesymontajes\/\" \/>\n<meta property=\"article:modified_time\" content=\"2020-08-10T23:17:57+00:00\" \/>\n<meta name=\"twitter:card\" content=\"summary_large_image\" \/>\n<meta name=\"twitter:label1\" content=\"Tiempo estimado de lectura\" \/>\n\t<meta name=\"twitter:data1\" content=\"1 minuto\" \/>\n<script type=\"application\/ld+json\" class=\"yoast-schema-graph\">{\"@context\":\"https:\/\/schema.org\",\"@graph\":[{\"@type\":\"WebPage\",\"@id\":\"https:\/\/tramont.co\/index.php\/sample-page\/\",\"url\":\"https:\/\/tramont.co\/index.php\/sample-page\/\",\"name\":\"\u00bfPor qu\u00e9 Tramont ? - Tramont soluciones logisticas\",\"isPartOf\":{\"@id\":\"https:\/\/tramont.co\/#website\"},\"datePublished\":\"2020-08-10T15:39:38+00:00\",\"dateModified\":\"2020-08-10T23:17:57+00:00\",\"breadcrumb\":{\"@id\":\"https:\/\/tramont.co\/index.php\/sample-page\/#breadcrumb\"},\"inLanguage\":\"es-CO\",\"potentialAction\":[{\"@type\":\"ReadAction\",\"target\":[\"https:\/\/tramont.co\/index.php\/sample-page\/\"]}]},{\"@type\":\"BreadcrumbList\",\"@id\":\"https:\/\/tramont.co\/index.php\/sample-page\/#breadcrumb\",\"itemListElement\":[{\"@type\":\"ListItem\",\"position\":1,\"name\":\"Home\",\"item\":\"https:\/\/tramont.co\/\"},{\"@type\":\"ListItem\",\"position\":2,\"name\":\"\u00bfPor qu\u00e9 Tramont ?\"}]},{\"@type\":\"WebSite\",\"@id\":\"https:\/\/tramont.co\/#website\",\"url\":\"https:\/\/tramont.co\/\",\"name\":\"Tramont soluciones logisticas\",\"description\":\"\",\"publisher\":{\"@id\":\"https:\/\/tramont.co\/#organization\"},\"potentialAction\":[{\"@type\":\"SearchAction\",\"target\":{\"@type\":\"EntryPoint\",\"urlTemplate\":\"https:\/\/tramont.co\/?s={search_term_string}\"},\"query-input\":\"required name=search_term_string\"}],\"inLanguage\":\"es-CO\"},{\"@type\":\"Organization\",\"@id\":\"https:\/\/tramont.co\/#organization\",\"name\":\"Tramont soluciones logisticas\",\"url\":\"https:\/\/tramont.co\/\",\"logo\":{\"@type\":\"ImageObject\",\"inLanguage\":\"es-CO\",\"@id\":\"https:\/\/tramont.co\/#\/schema\/logo\/image\/\",\"url\":\"https:\/\/tramont.co\/wp-content\/uploads\/2020\/08\/cropped-Mesa-de-trabajo-2-copia-2.png\",\"contentUrl\":\"https:\/\/tramont.co\/wp-content\/uploads\/2020\/08\/cropped-Mesa-de-trabajo-2-copia-2.png\",\"width\":1000,\"height\":398,\"caption\":\"Tramont soluciones logisticas\"},\"image\":{\"@id\":\"https:\/\/tramont.co\/#\/schema\/logo\/image\/\"},\"sameAs\":[\"https:\/\/www.facebook.com\/transportesymontajes\/\"]}]}<\/script>\n<!-- \/ Yoast SEO plugin. -->","yoast_head_json":{"title":"\u00bfPor qu\u00e9 Tramont ? - Tramont soluciones logisticas","robots":{"index":"index","follow":"follow","max-snippet":"max-snippet:-1","max-image-preview":"max-image-preview:large","max-video-preview":"max-video-preview:-1"},"canonical":"https:\/\/tramont.co\/index.php\/sample-page\/","og_locale":"es_ES","og_type":"article","og_title":"\u00bfPor qu\u00e9 Tramont ? - Tramont soluciones logisticas","og_description":"Tramont Soluciones log\u00edsticas es una empresa de transportes y montajes en la ciudad de Medell\u00edn, nos caracterizamos por tener personal con experiencia\u00a0 gracias a una amplia trayectoria en el sector de la construcci\u00f3n , en eventos, y en colocaci\u00f3n de elementos prefabricados e instalaci\u00f3n de equipos de gran tama\u00f1o como gr\u00faas y elevadores de construcci\u00f3n. [&hellip;]","og_url":"https:\/\/tramont.co\/index.php\/sample-page\/","og_site_name":"Tramont soluciones logisticas","article_publisher":"https:\/\/www.facebook.com\/transportesymontajes\/","article_modified_time":"2020-08-10T23:17:57+00:00","twitter_card":"summary_large_image","twitter_misc":{"Tiempo estimado de lectura":"1 minuto"},"schema":{"@context":"https:\/\/schema.org","@graph":[{"@type":"WebPage","@id":"https:\/\/tramont.co\/index.php\/sample-page\/","url":"https:\/\/tramont.co\/index.php\/sample-page\/","name":"\u00bfPor qu\u00e9 Tramont ? - Tramont soluciones logisticas","isPartOf":{"@id":"https:\/\/tramont.co\/#website"},"datePublished":"2020-08-10T15:39:38+00:00","dateModified":"2020-08-10T23:17:57+00:00","breadcrumb":{"@id":"https:\/\/tramont.co\/index.php\/sample-page\/#breadcrumb"},"inLanguage":"es-CO","potentialAction":[{"@type":"ReadAction","target":["https:\/\/tramont.co\/index.php\/sample-page\/"]}]},{"@type":"BreadcrumbList","@id":"https:\/\/tramont.co\/index.php\/sample-page\/#breadcrumb","itemListElement":[{"@type":"ListItem","position":1,"name":"Home","item":"https:\/\/tramont.co\/"},{"@type":"ListItem","position":2,"name":"\u00bfPor qu\u00e9 Tramont ?"}]},{"@type":"WebSite","@id":"https:\/\/tramont.co\/#website","url":"https:\/\/tramont.co\/","name":"Tramont soluciones logisticas","description":"","publisher":{"@id":"https:\/\/tramont.co\/#organization"},"potentialAction":[{"@type":"SearchAction","target":{"@type":"EntryPoint","urlTemplate":"https:\/\/tramont.co\/?s={search_term_string}"},"query-input":"required name=search_term_string"}],"inLanguage":"es-CO"},{"@type":"Organization","@id":"https:\/\/tramont.co\/#organization","name":"Tramont soluciones logisticas","url":"https:\/\/tramont.co\/","logo":{"@type":"ImageObject","inLanguage":"es-CO","@id":"https:\/\/tramont.co\/#\/schema\/logo\/image\/","url":"https:\/\/tramont.co\/wp-content\/uploads\/2020\/08\/cropped-Mesa-de-trabajo-2-copia-2.png","contentUrl":"https:\/\/tramont.co\/wp-content\/uploads\/2020\/08\/cropped-Mesa-de-trabajo-2-copia-2.png","width":1000,"height":398,"caption":"Tramont soluciones logisticas"},"image":{"@id":"https:\/\/tramont.co\/#\/schema\/logo\/image\/"},"sameAs":["https:\/\/www.facebook.com\/transportesymontajes\/"]}]}},"_links":{"self":[{"href":"https:\/\/tramont.co\/index.php\/wp-json\/wp\/v2\/pages\/2"}],"collection":[{"href":"https:\/\/tramont.co\/index.php\/wp-json\/wp\/v2\/pages"}],"about":[{"href":"https:\/\/tramont.co\/index.php\/wp-json\/wp\/v2\/types\/page"}],"author":[{"embeddable":true,"href":"https:\/\/tramont.co\/index.php\/wp-json\/wp\/v2\/users\/1"}],"replies":[{"embeddable":true,"href":"https:\/\/tramont.co\/index.php\/wp-json\/wp\/v2\/comments?post=2"}],"version-history":[{"count":7,"href":"https:\/\/tramont.co\/index.php\/wp-json\/wp\/v2\/pages\/2\/revisions"}],"predecessor-version":[{"id":89,"href":"https:\/\/tramont.co\/index.php\/wp-json\/wp\/v2\/pages\/2\/revisions\/89"}],"wp:attachment":[{"href":"https:\/\/tramont.co\/index.php\/wp-json\/wp\/v2\/media?parent=2"}],"curies":[{"name":"wp","href":"https:\/\/api.w.org\/{rel}","templated":true}]}}