{"id":101,"date":"2020-08-11T14:24:32","date_gmt":"2020-08-11T14:24:32","guid":{"rendered":"http:\/\/35.236.241.200\/?page_id=101"},"modified":"2021-01-24T14:43:13","modified_gmt":"2021-01-24T19:43:13","slug":"equipos","status":"publish","type":"page","link":"https:\/\/tramont.co\/index.php\/equipos\/","title":{"rendered":"Equipos"},"content":{"rendered":"\t\t<div data-elementor-type=\"wp-page\" data-elementor-id=\"101\" class=\"elementor elementor-101\" data-elementor-settings=\"[]\">\n\t\t\t\t\t\t<div class=\"elementor-inner\">\n\t\t\t\t\t\t\t<div class=\"elementor-section-wrap\">\n\t\t\t\t\t\t\t<section class=\"elementor-section elementor-top-section elementor-element elementor-element-53f66c9 elementor-section-boxed elementor-section-height-default elementor-section-height-default\" data-id=\"53f66c9\" data-element_type=\"section\" data-settings=\"{&quot;background_background&quot;:&quot;classic&quot;}\">\n\t\t\t\t\t\t<div class=\"elementor-container elementor-column-gap-default\">\n\t\t\t\t\t\t\t<div class=\"elementor-row\">\n\t\t\t\t\t<div class=\"elementor-column elementor-col-100 elementor-top-column elementor-element elementor-element-90d882f\" data-id=\"90d882f\" data-element_type=\"column\">\n\t\t\t<div class=\"elementor-column-wrap elementor-element-populated\">\n\t\t\t\t\t\t\t<div class=\"elementor-widget-wrap\">\n\t\t\t\t\t\t<div class=\"elementor-element elementor-element-85569c9 elementor-widget elementor-widget-heading\" data-id=\"85569c9\" data-element_type=\"widget\" data-widget_type=\"heading.default\">\n\t\t\t\t<div class=\"elementor-widget-container\">\n\t\t\t<h1 class=\"elementor-heading-title elementor-size-default\">Nuestros equipos <\/h1>\t\t<\/div>\n\t\t\t\t<\/div>\n\t\t\t\t\t\t<\/div>\n\t\t\t\t\t<\/div>\n\t\t<\/div>\n\t\t\t\t\t\t\t\t<\/div>\n\t\t\t\t\t<\/div>\n\t\t<\/section>\n\t\t\t\t<section class=\"elementor-section elementor-top-section elementor-element elementor-element-269ecae elementor-section-boxed elementor-section-height-default elementor-section-height-default\" data-id=\"269ecae\" data-element_type=\"section\">\n\t\t\t\t\t\t<div class=\"elementor-container elementor-column-gap-default\">\n\t\t\t\t\t\t\t<div class=\"elementor-row\">\n\t\t\t\t\t<div class=\"elementor-column elementor-col-100 elementor-top-column elementor-element elementor-element-970588e\" data-id=\"970588e\" data-element_type=\"column\">\n\t\t\t<div class=\"elementor-column-wrap elementor-element-populated\">\n\t\t\t\t\t\t\t<div class=\"elementor-widget-wrap\">\n\t\t\t\t\t\t<section class=\"elementor-section elementor-inner-section elementor-element elementor-element-70d27e1 elementor-section-boxed elementor-section-height-default elementor-section-height-default\" data-id=\"70d27e1\" data-element_type=\"section\" data-settings=\"{&quot;background_background&quot;:&quot;classic&quot;}\">\n\t\t\t\t\t\t<div class=\"elementor-container elementor-column-gap-default\">\n\t\t\t\t\t\t\t<div class=\"elementor-row\">\n\t\t\t\t\t<div class=\"elementor-column elementor-col-50 elementor-inner-column elementor-element elementor-element-a0cc3df\" data-id=\"a0cc3df\" data-element_type=\"column\">\n\t\t\t<div class=\"elementor-column-wrap elementor-element-populated\">\n\t\t\t\t\t\t\t<div class=\"elementor-widget-wrap\">\n\t\t\t\t\t\t<div class=\"elementor-element elementor-element-a389051 elementor-widget elementor-widget-image\" data-id=\"a389051\" data-element_type=\"widget\" data-widget_type=\"image.default\">\n\t\t\t\t<div class=\"elementor-widget-container\">\n\t\t\t\t\t\t\t\t<div class=\"elementor-image\">\n\t\t\t\t\t\t\t\t\t\t\t\t<img decoding=\"async\" width=\"580\" height=\"329\" src=\"https:\/\/tramont.co\/wp-content\/uploads\/2020\/08\/camion-hiab-crop-u1502.png\" class=\"attachment-large size-large\" alt=\"\" loading=\"lazy\" srcset=\"https:\/\/tramont.co\/wp-content\/uploads\/2020\/08\/camion-hiab-crop-u1502.png 597w, https:\/\/tramont.co\/wp-content\/uploads\/2020\/08\/camion-hiab-crop-u1502-300x170.png 300w\" sizes=\"(max-width: 580px) 100vw, 580px\" \/>\t\t\t\t\t\t\t\t\t\t\t\t\t\t<\/div>\n\t\t\t\t\t\t<\/div>\n\t\t\t\t<\/div>\n\t\t\t\t\t\t<\/div>\n\t\t\t\t\t<\/div>\n\t\t<\/div>\n\t\t\t\t<div class=\"elementor-column elementor-col-50 elementor-inner-column elementor-element elementor-element-41c1c79\" data-id=\"41c1c79\" data-element_type=\"column\">\n\t\t\t<div class=\"elementor-column-wrap elementor-element-populated\">\n\t\t\t\t\t\t\t<div class=\"elementor-widget-wrap\">\n\t\t\t\t\t\t<div class=\"elementor-element elementor-element-4ad05ad elementor-widget elementor-widget-text-editor\" data-id=\"4ad05ad\" data-element_type=\"widget\" data-widget_type=\"text-editor.default\">\n\t\t\t\t<div class=\"elementor-widget-container\">\n\t\t\t\t\t\t\t\t<div class=\"elementor-text-editor elementor-clearfix\">\n\t\t\t\t<h2>Servicio de Cami\u00f3n Gr\u00faa&nbsp;<\/h2>\n<p>Gr\u00faa Hiab 288 E-8 HiDuo<\/p>\n<p>&nbsp;2.5 (m) &#8211; 8400 (kg)<\/p>\n<p>4.7 (m) &#8211; 4500 (kg)<\/p>\n<p>6.3 (m) &#8211; 3100 (kg)<\/p>\n<p>8.1 (m) &#8211; 2180 (kg)<\/p>\n<p>10.0 (m) &#8211; 1600 (kg)<\/p>\n<p>12.0 (m) &#8211; 1200 (kg)<\/p>\n<p>14.1 (m) &#8211; 940 (kg)<\/p>\n<p>16.3 (m) &#8211; 760 (kg)<\/p>\n<p>18.6 (m) &#8211; 640 (kg)<\/p>\n<p>20.9 (m) &#8211; 560 (kg)<\/p>\t\t\t\t\t<\/div>\n\t\t\t\t\t\t<\/div>\n\t\t\t\t<\/div>\n\t\t\t\t\t\t<\/div>\n\t\t\t\t\t<\/div>\n\t\t<\/div>\n\t\t\t\t\t\t\t\t<\/div>\n\t\t\t\t\t<\/div>\n\t\t<\/section>\n\t\t\t\t\t\t<\/div>\n\t\t\t\t\t<\/div>\n\t\t<\/div>\n\t\t\t\t\t\t\t\t<\/div>\n\t\t\t\t\t<\/div>\n\t\t<\/section>\n\t\t\t\t<section class=\"elementor-section elementor-top-section elementor-element elementor-element-befcde8 elementor-section-boxed elementor-section-height-default elementor-section-height-default\" data-id=\"befcde8\" data-element_type=\"section\" data-settings=\"{&quot;background_background&quot;:&quot;classic&quot;}\">\n\t\t\t\t\t\t<div class=\"elementor-container elementor-column-gap-default\">\n\t\t\t\t\t\t\t<div class=\"elementor-row\">\n\t\t\t\t\t<div class=\"elementor-column elementor-col-50 elementor-top-column elementor-element elementor-element-492ca17\" data-id=\"492ca17\" data-element_type=\"column\">\n\t\t\t<div class=\"elementor-column-wrap elementor-element-populated\">\n\t\t\t\t\t\t\t<div class=\"elementor-widget-wrap\">\n\t\t\t\t\t\t<div class=\"elementor-element elementor-element-1b30e6e elementor-widget elementor-widget-image\" data-id=\"1b30e6e\" data-element_type=\"widget\" data-widget_type=\"image.default\">\n\t\t\t\t<div class=\"elementor-widget-container\">\n\t\t\t\t\t\t\t\t<div class=\"elementor-image\">\n\t\t\t\t\t\t\t\t\t\t\t\t<img decoding=\"async\" width=\"561\" height=\"374\" src=\"https:\/\/tramont.co\/wp-content\/uploads\/2020\/08\/cami\u00f3n-gr\u00faa.png\" class=\"attachment-large size-large\" alt=\"\" loading=\"lazy\" srcset=\"https:\/\/tramont.co\/wp-content\/uploads\/2020\/08\/cami\u00f3n-gr\u00faa.png 561w, https:\/\/tramont.co\/wp-content\/uploads\/2020\/08\/cami\u00f3n-gr\u00faa-300x200.png 300w\" sizes=\"(max-width: 561px) 100vw, 561px\" \/>\t\t\t\t\t\t\t\t\t\t\t\t\t\t<\/div>\n\t\t\t\t\t\t<\/div>\n\t\t\t\t<\/div>\n\t\t\t\t\t\t<\/div>\n\t\t\t\t\t<\/div>\n\t\t<\/div>\n\t\t\t\t<div class=\"elementor-column elementor-col-50 elementor-top-column elementor-element elementor-element-1066993\" data-id=\"1066993\" data-element_type=\"column\">\n\t\t\t<div class=\"elementor-column-wrap elementor-element-populated\">\n\t\t\t\t\t\t\t<div class=\"elementor-widget-wrap\">\n\t\t\t\t\t\t<div class=\"elementor-element elementor-element-7ef5414 elementor-widget elementor-widget-text-editor\" data-id=\"7ef5414\" data-element_type=\"widget\" data-widget_type=\"text-editor.default\">\n\t\t\t\t<div class=\"elementor-widget-container\">\n\t\t\t\t\t\t\t\t<div class=\"elementor-text-editor elementor-clearfix\">\n\t\t\t\t<h2>Servicio de Cami\u00f3n Gr\u00faa&nbsp;<\/h2>\n<p>PK 23500 Performance D<\/p>\n<p>Capacidad m\u00e1xima 56,4 kN\/5750 Kg<\/p>\n<p>Alcance&nbsp;<span style=\"font-size: inherit; text-align: inherit; letter-spacing: -0.015em;\">Capacidad<\/span><\/p>\n<p><span style=\"font-size: inherit; text-align: inherit; letter-spacing: -0.015em;\">hidr\u00e1ulico<\/span><\/p>\n<p><span style=\"font-size: inherit; text-align: inherit; letter-spacing: -0.015em;\">4,6 m 45,0 kN\/4590 Kg<\/span><\/p>\n<p><span style=\"font-size: inherit; text-align: inherit; letter-spacing: -0.015em;\">6,1 m 32,0 kN\/3260 Kg<\/span><\/p>\n<p><span style=\"font-size: inherit; text-align: inherit; letter-spacing: -0.015em;\">8,0 m 23,2 kN\/2370 Kg<\/span><\/p>\n<p><span style=\"font-size: inherit; text-align: inherit; letter-spacing: -0.015em;\">10,1 m 17,7 kN\/1800 Kg<\/span><\/p>\n<p><span style=\"font-size: inherit; text-align: inherit; letter-spacing: -0.015em;\">12,3 m 14,2 kN\/1450 Kg<\/span><\/p>\n<p><span style=\"font-size: inherit; text-align: inherit; letter-spacing: -0.015em;\">14,4 m 11,9 kN\/1210 Kg<\/span><\/p>\n<p><span style=\"font-size: inherit; text-align: inherit; letter-spacing: -0.015em;\">mec\u00e1nico<\/span><\/p>\n<p><span style=\"font-size: inherit; text-align: inherit; letter-spacing: -0.015em;\">16,6 m 9,8 kN\/1000 Kg<\/span><\/p>\n<p><span style=\"font-size: inherit; text-align: inherit; letter-spacing: -0.015em;\">18,6 m 6,1 kN\/ 620 Kg<\/span><\/p>\t\t\t\t\t<\/div>\n\t\t\t\t\t\t<\/div>\n\t\t\t\t<\/div>\n\t\t\t\t\t\t<\/div>\n\t\t\t\t\t<\/div>\n\t\t<\/div>\n\t\t\t\t\t\t\t\t<\/div>\n\t\t\t\t\t<\/div>\n\t\t<\/section>\n\t\t\t\t<section class=\"elementor-section elementor-top-section elementor-element elementor-element-0d6d242 elementor-section-boxed elementor-section-height-default elementor-section-height-default\" data-id=\"0d6d242\" data-element_type=\"section\" data-settings=\"{&quot;background_background&quot;:&quot;classic&quot;}\">\n\t\t\t\t\t\t<div class=\"elementor-container elementor-column-gap-default\">\n\t\t\t\t\t\t\t<div class=\"elementor-row\">\n\t\t\t\t\t<div class=\"elementor-column elementor-col-50 elementor-top-column elementor-element elementor-element-76dd64a\" data-id=\"76dd64a\" data-element_type=\"column\">\n\t\t\t<div class=\"elementor-column-wrap elementor-element-populated\">\n\t\t\t\t\t\t\t<div class=\"elementor-widget-wrap\">\n\t\t\t\t\t\t<div class=\"elementor-element elementor-element-818ae0d elementor-widget elementor-widget-image\" data-id=\"818ae0d\" data-element_type=\"widget\" data-widget_type=\"image.default\">\n\t\t\t\t<div class=\"elementor-widget-container\">\n\t\t\t\t\t\t\t\t<div class=\"elementor-image\">\n\t\t\t\t\t\t\t\t\t\t\t\t<img decoding=\"async\" width=\"459\" height=\"344\" src=\"https:\/\/tramont.co\/wp-content\/uploads\/2020\/08\/hino-vasculante.png\" class=\"attachment-large size-large\" alt=\"\" loading=\"lazy\" srcset=\"https:\/\/tramont.co\/wp-content\/uploads\/2020\/08\/hino-vasculante.png 459w, https:\/\/tramont.co\/wp-content\/uploads\/2020\/08\/hino-vasculante-300x225.png 300w\" sizes=\"(max-width: 459px) 100vw, 459px\" \/>\t\t\t\t\t\t\t\t\t\t\t\t\t\t<\/div>\n\t\t\t\t\t\t<\/div>\n\t\t\t\t<\/div>\n\t\t\t\t\t\t<\/div>\n\t\t\t\t\t<\/div>\n\t\t<\/div>\n\t\t\t\t<div class=\"elementor-column elementor-col-50 elementor-top-column elementor-element elementor-element-e25572f\" data-id=\"e25572f\" data-element_type=\"column\">\n\t\t\t<div class=\"elementor-column-wrap elementor-element-populated\">\n\t\t\t\t\t\t\t<div class=\"elementor-widget-wrap\">\n\t\t\t\t\t\t<div class=\"elementor-element elementor-element-e646141 elementor-widget elementor-widget-text-editor\" data-id=\"e646141\" data-element_type=\"widget\" data-widget_type=\"text-editor.default\">\n\t\t\t\t<div class=\"elementor-widget-container\">\n\t\t\t\t\t\t\t\t<div class=\"elementor-text-editor elementor-clearfix\">\n\t\t\t\t<h2>Servicio de transporte con cami\u00f3n gr\u00faa Basculante<\/h2><p>CHASIS CABINADO HINO FC9JJTA 7.2 TON,\u00a0 EURO 4\u00a0 &#8211; A\u00f1o 2017\u00a0 BASCULANTE, placa de servicio publico<\/p>\t\t\t\t\t<\/div>\n\t\t\t\t\t\t<\/div>\n\t\t\t\t<\/div>\n\t\t\t\t\t\t<\/div>\n\t\t\t\t\t<\/div>\n\t\t<\/div>\n\t\t\t\t\t\t\t\t<\/div>\n\t\t\t\t\t<\/div>\n\t\t<\/section>\n\t\t\t\t<section class=\"elementor-section elementor-top-section elementor-element elementor-element-c33a406 elementor-section-boxed elementor-section-height-default elementor-section-height-default\" data-id=\"c33a406\" data-element_type=\"section\" data-settings=\"{&quot;background_background&quot;:&quot;classic&quot;}\">\n\t\t\t\t\t\t<div class=\"elementor-container elementor-column-gap-default\">\n\t\t\t\t\t\t\t<div class=\"elementor-row\">\n\t\t\t\t\t<div class=\"elementor-column elementor-col-50 elementor-top-column elementor-element elementor-element-25c462a\" data-id=\"25c462a\" data-element_type=\"column\">\n\t\t\t<div class=\"elementor-column-wrap elementor-element-populated\">\n\t\t\t\t\t\t\t<div class=\"elementor-widget-wrap\">\n\t\t\t\t\t\t<div class=\"elementor-element elementor-element-9d8a80f elementor-widget elementor-widget-image\" data-id=\"9d8a80f\" data-element_type=\"widget\" data-widget_type=\"image.default\">\n\t\t\t\t<div class=\"elementor-widget-container\">\n\t\t\t\t\t\t\t\t<div class=\"elementor-image\">\n\t\t\t\t\t\t\t\t\t\t\t\t<img decoding=\"async\" width=\"573\" height=\"430\" src=\"https:\/\/tramont.co\/wp-content\/uploads\/2020\/08\/carpado-tramont.png\" class=\"attachment-large size-large\" alt=\"\" loading=\"lazy\" srcset=\"https:\/\/tramont.co\/wp-content\/uploads\/2020\/08\/carpado-tramont.png 573w, https:\/\/tramont.co\/wp-content\/uploads\/2020\/08\/carpado-tramont-300x225.png 300w\" sizes=\"(max-width: 573px) 100vw, 573px\" \/>\t\t\t\t\t\t\t\t\t\t\t\t\t\t<\/div>\n\t\t\t\t\t\t<\/div>\n\t\t\t\t<\/div>\n\t\t\t\t\t\t<\/div>\n\t\t\t\t\t<\/div>\n\t\t<\/div>\n\t\t\t\t<div class=\"elementor-column elementor-col-50 elementor-top-column elementor-element elementor-element-dcd1f36\" data-id=\"dcd1f36\" data-element_type=\"column\">\n\t\t\t<div class=\"elementor-column-wrap elementor-element-populated\">\n\t\t\t\t\t\t\t<div class=\"elementor-widget-wrap\">\n\t\t\t\t\t\t<div class=\"elementor-element elementor-element-cabd049 elementor-widget elementor-widget-text-editor\" data-id=\"cabd049\" data-element_type=\"widget\" data-widget_type=\"text-editor.default\">\n\t\t\t\t<div class=\"elementor-widget-container\">\n\t\t\t\t\t\t\t\t<div class=\"elementor-text-editor elementor-clearfix\">\n\t\t\t\t<h2>Servicio de transporte con cami\u00f3n sencillo<\/h2><p>CHASIS CABINADO HINO DUTRO PRO 2 TON, EURO 4\u00a0 &#8211; A\u00f1o 2017 placa de servicio publico<\/p>\t\t\t\t\t<\/div>\n\t\t\t\t\t\t<\/div>\n\t\t\t\t<\/div>\n\t\t\t\t\t\t<\/div>\n\t\t\t\t\t<\/div>\n\t\t<\/div>\n\t\t\t\t\t\t\t\t<\/div>\n\t\t\t\t\t<\/div>\n\t\t<\/section>\n\t\t\t\t<section class=\"elementor-section elementor-top-section elementor-element elementor-element-fcde1c4 elementor-section-boxed elementor-section-height-default elementor-section-height-default\" data-id=\"fcde1c4\" data-element_type=\"section\">\n\t\t\t\t\t\t<div class=\"elementor-container elementor-column-gap-default\">\n\t\t\t\t\t\t\t<div class=\"elementor-row\">\n\t\t\t\t\t<div class=\"elementor-column elementor-col-100 elementor-top-column elementor-element elementor-element-5c8880d\" data-id=\"5c8880d\" data-element_type=\"column\">\n\t\t\t<div class=\"elementor-column-wrap\">\n\t\t\t\t\t\t\t<div class=\"elementor-widget-wrap\">\n\t\t\t\t\t\t\t\t<\/div>\n\t\t\t\t\t<\/div>\n\t\t<\/div>\n\t\t\t\t\t\t\t\t<\/div>\n\t\t\t\t\t<\/div>\n\t\t<\/section>\n\t\t\t\t\t\t<\/div>\n\t\t\t\t\t\t<\/div>\n\t\t\t\t\t<\/div>\n\t\t","protected":false},"excerpt":{"rendered":"<p>Nuestros equipos Servicio de Cami\u00f3n Gr\u00faa&nbsp; Gr\u00faa Hiab 288 E-8 HiDuo &nbsp;2.5 (m) &#8211; 8400 (kg) 4.7 (m) &#8211; 4500 (kg) 6.3 (m) &#8211; 3100 (kg) 8.1 (m) &#8211; 2180 (kg) 10.0 (m) &#8211; 1600 (kg) 12.0 (m) &#8211; 1200 (kg) 14.1 (m) &#8211; 940 (kg) 16.3 (m) &#8211; 760 (kg) 18.6 (m) &#8211; 640 [&hellip;]<\/p>\n","protected":false},"author":1,"featured_media":0,"parent":0,"menu_order":0,"comment_status":"closed","ping_status":"closed","template":"elementor_header_footer","meta":[],"yoast_head":"<!-- This site is optimized with the Yoast SEO plugin v20.7 - https:\/\/yoast.com\/wordpress\/plugins\/seo\/ -->\n<title>Equipos - Tramont soluciones logisticas<\/title>\n<meta name=\"robots\" content=\"index, follow, max-snippet:-1, max-image-preview:large, max-video-preview:-1\" \/>\n<link rel=\"canonical\" href=\"https:\/\/tramont.co\/index.php\/equipos\/\" \/>\n<meta property=\"og:locale\" content=\"es_ES\" \/>\n<meta property=\"og:type\" content=\"article\" \/>\n<meta property=\"og:title\" content=\"Equipos - Tramont soluciones logisticas\" \/>\n<meta property=\"og:description\" content=\"Nuestros equipos Servicio de Cami\u00f3n Gr\u00faa&nbsp; Gr\u00faa Hiab 288 E-8 HiDuo &nbsp;2.5 (m) &#8211; 8400 (kg) 4.7 (m) &#8211; 4500 (kg) 6.3 (m) &#8211; 3100 (kg) 8.1 (m) &#8211; 2180 (kg) 10.0 (m) &#8211; 1600 (kg) 12.0 (m) &#8211; 1200 (kg) 14.1 (m) &#8211; 940 (kg) 16.3 (m) &#8211; 760 (kg) 18.6 (m) &#8211; 640 [&hellip;]\" \/>\n<meta property=\"og:url\" content=\"https:\/\/tramont.co\/index.php\/equipos\/\" \/>\n<meta property=\"og:site_name\" content=\"Tramont soluciones logisticas\" \/>\n<meta property=\"article:publisher\" content=\"https:\/\/www.facebook.com\/transportesymontajes\/\" \/>\n<meta property=\"article:modified_time\" content=\"2021-01-24T19:43:13+00:00\" \/>\n<meta property=\"og:image\" content=\"https:\/\/tramont.co\/wp-content\/uploads\/2020\/08\/camion-hiab-crop-u1502.png\" \/>\n<meta name=\"twitter:card\" content=\"summary_large_image\" \/>\n<meta name=\"twitter:label1\" content=\"Tiempo estimado de lectura\" \/>\n\t<meta name=\"twitter:data1\" content=\"2 minutos\" \/>\n<script type=\"application\/ld+json\" class=\"yoast-schema-graph\">{\"@context\":\"https:\/\/schema.org\",\"@graph\":[{\"@type\":\"WebPage\",\"@id\":\"https:\/\/tramont.co\/index.php\/equipos\/\",\"url\":\"https:\/\/tramont.co\/index.php\/equipos\/\",\"name\":\"Equipos - Tramont soluciones logisticas\",\"isPartOf\":{\"@id\":\"https:\/\/tramont.co\/#website\"},\"datePublished\":\"2020-08-11T14:24:32+00:00\",\"dateModified\":\"2021-01-24T19:43:13+00:00\",\"breadcrumb\":{\"@id\":\"https:\/\/tramont.co\/index.php\/equipos\/#breadcrumb\"},\"inLanguage\":\"es-CO\",\"potentialAction\":[{\"@type\":\"ReadAction\",\"target\":[\"https:\/\/tramont.co\/index.php\/equipos\/\"]}]},{\"@type\":\"BreadcrumbList\",\"@id\":\"https:\/\/tramont.co\/index.php\/equipos\/#breadcrumb\",\"itemListElement\":[{\"@type\":\"ListItem\",\"position\":1,\"name\":\"Home\",\"item\":\"https:\/\/tramont.co\/\"},{\"@type\":\"ListItem\",\"position\":2,\"name\":\"Equipos\"}]},{\"@type\":\"WebSite\",\"@id\":\"https:\/\/tramont.co\/#website\",\"url\":\"https:\/\/tramont.co\/\",\"name\":\"Tramont soluciones logisticas\",\"description\":\"\",\"publisher\":{\"@id\":\"https:\/\/tramont.co\/#organization\"},\"potentialAction\":[{\"@type\":\"SearchAction\",\"target\":{\"@type\":\"EntryPoint\",\"urlTemplate\":\"https:\/\/tramont.co\/?s={search_term_string}\"},\"query-input\":\"required name=search_term_string\"}],\"inLanguage\":\"es-CO\"},{\"@type\":\"Organization\",\"@id\":\"https:\/\/tramont.co\/#organization\",\"name\":\"Tramont soluciones logisticas\",\"url\":\"https:\/\/tramont.co\/\",\"logo\":{\"@type\":\"ImageObject\",\"inLanguage\":\"es-CO\",\"@id\":\"https:\/\/tramont.co\/#\/schema\/logo\/image\/\",\"url\":\"https:\/\/tramont.co\/wp-content\/uploads\/2020\/08\/cropped-Mesa-de-trabajo-2-copia-2.png\",\"contentUrl\":\"https:\/\/tramont.co\/wp-content\/uploads\/2020\/08\/cropped-Mesa-de-trabajo-2-copia-2.png\",\"width\":1000,\"height\":398,\"caption\":\"Tramont soluciones logisticas\"},\"image\":{\"@id\":\"https:\/\/tramont.co\/#\/schema\/logo\/image\/\"},\"sameAs\":[\"https:\/\/www.facebook.com\/transportesymontajes\/\"]}]}<\/script>\n<!-- \/ Yoast SEO plugin. -->","yoast_head_json":{"title":"Equipos - Tramont soluciones logisticas","robots":{"index":"index","follow":"follow","max-snippet":"max-snippet:-1","max-image-preview":"max-image-preview:large","max-video-preview":"max-video-preview:-1"},"canonical":"https:\/\/tramont.co\/index.php\/equipos\/","og_locale":"es_ES","og_type":"article","og_title":"Equipos - Tramont soluciones logisticas","og_description":"Nuestros equipos Servicio de Cami\u00f3n Gr\u00faa&nbsp; Gr\u00faa Hiab 288 E-8 HiDuo &nbsp;2.5 (m) &#8211; 8400 (kg) 4.7 (m) &#8211; 4500 (kg) 6.3 (m) &#8211; 3100 (kg) 8.1 (m) &#8211; 2180 (kg) 10.0 (m) &#8211; 1600 (kg) 12.0 (m) &#8211; 1200 (kg) 14.1 (m) &#8211; 940 (kg) 16.3 (m) &#8211; 760 (kg) 18.6 (m) &#8211; 640 [&hellip;]","og_url":"https:\/\/tramont.co\/index.php\/equipos\/","og_site_name":"Tramont soluciones logisticas","article_publisher":"https:\/\/www.facebook.com\/transportesymontajes\/","article_modified_time":"2021-01-24T19:43:13+00:00","og_image":[{"url":"https:\/\/tramont.co\/wp-content\/uploads\/2020\/08\/camion-hiab-crop-u1502.png"}],"twitter_card":"summary_large_image","twitter_misc":{"Tiempo estimado de lectura":"2 minutos"},"schema":{"@context":"https:\/\/schema.org","@graph":[{"@type":"WebPage","@id":"https:\/\/tramont.co\/index.php\/equipos\/","url":"https:\/\/tramont.co\/index.php\/equipos\/","name":"Equipos - Tramont soluciones logisticas","isPartOf":{"@id":"https:\/\/tramont.co\/#website"},"datePublished":"2020-08-11T14:24:32+00:00","dateModified":"2021-01-24T19:43:13+00:00","breadcrumb":{"@id":"https:\/\/tramont.co\/index.php\/equipos\/#breadcrumb"},"inLanguage":"es-CO","potentialAction":[{"@type":"ReadAction","target":["https:\/\/tramont.co\/index.php\/equipos\/"]}]},{"@type":"BreadcrumbList","@id":"https:\/\/tramont.co\/index.php\/equipos\/#breadcrumb","itemListElement":[{"@type":"ListItem","position":1,"name":"Home","item":"https:\/\/tramont.co\/"},{"@type":"ListItem","position":2,"name":"Equipos"}]},{"@type":"WebSite","@id":"https:\/\/tramont.co\/#website","url":"https:\/\/tramont.co\/","name":"Tramont soluciones logisticas","description":"","publisher":{"@id":"https:\/\/tramont.co\/#organization"},"potentialAction":[{"@type":"SearchAction","target":{"@type":"EntryPoint","urlTemplate":"https:\/\/tramont.co\/?s={search_term_string}"},"query-input":"required name=search_term_string"}],"inLanguage":"es-CO"},{"@type":"Organization","@id":"https:\/\/tramont.co\/#organization","name":"Tramont soluciones logisticas","url":"https:\/\/tramont.co\/","logo":{"@type":"ImageObject","inLanguage":"es-CO","@id":"https:\/\/tramont.co\/#\/schema\/logo\/image\/","url":"https:\/\/tramont.co\/wp-content\/uploads\/2020\/08\/cropped-Mesa-de-trabajo-2-copia-2.png","contentUrl":"https:\/\/tramont.co\/wp-content\/uploads\/2020\/08\/cropped-Mesa-de-trabajo-2-copia-2.png","width":1000,"height":398,"caption":"Tramont soluciones logisticas"},"image":{"@id":"https:\/\/tramont.co\/#\/schema\/logo\/image\/"},"sameAs":["https:\/\/www.facebook.com\/transportesymontajes\/"]}]}},"_links":{"self":[{"href":"https:\/\/tramont.co\/index.php\/wp-json\/wp\/v2\/pages\/101"}],"collection":[{"href":"https:\/\/tramont.co\/index.php\/wp-json\/wp\/v2\/pages"}],"about":[{"href":"https:\/\/tramont.co\/index.php\/wp-json\/wp\/v2\/types\/page"}],"author":[{"embeddable":true,"href":"https:\/\/tramont.co\/index.php\/wp-json\/wp\/v2\/users\/1"}],"replies":[{"embeddable":true,"href":"https:\/\/tramont.co\/index.php\/wp-json\/wp\/v2\/comments?post=101"}],"version-history":[{"count":19,"href":"https:\/\/tramont.co\/index.php\/wp-json\/wp\/v2\/pages\/101\/revisions"}],"predecessor-version":[{"id":7338,"href":"https:\/\/tramont.co\/index.php\/wp-json\/wp\/v2\/pages\/101\/revisions\/7338"}],"wp:attachment":[{"href":"https:\/\/tramont.co\/index.php\/wp-json\/wp\/v2\/media?parent=101"}],"curies":[{"name":"wp","href":"https:\/\/api.w.org\/{rel}","templated":true}]}}